{"id":28,"date":"2020-02-03T17:55:46","date_gmt":"2020-02-03T16:55:46","guid":{"rendered":"https:\/\/vitafox-bodycoaching.de\/?page_id=28"},"modified":"2025-08-19T22:49:17","modified_gmt":"2025-08-19T20:49:17","slug":"vitafox-bodycoaching","status":"publish","type":"page","link":"https:\/\/vitafox-bodycoaching.de\/","title":{"rendered":"Sch\u00f6n, dass du da bist!"},"content":{"rendered":"\n<blockquote class=\"wp-block-quote is-style-large is-layout-flow wp-block-quote-is-layout-flow\">\n<p>&#8222;Wer keine Zeit f\u00fcr seine Gesundheit hat, wird sp\u00e4ter viel Zeit f\u00fcr seine Krankheiten brauchen.&#8220;<\/p>\n<cite>Sebastian Kneipp<\/cite><\/blockquote>\n\n\n\n<div class=\"wp-block-group\"><div class=\"wp-block-group__inner-container is-layout-flow wp-block-group-is-layout-flow\">\n<h2 class=\"wp-block-heading\"><strong>Jetzt <a href=\"https:\/\/calendly.com\/vitafox_bodycoaching\" target=\"_blank\" rel=\"noreferrer noopener\">Termin<\/a> vereinbaren<\/strong> <strong>oder einen <a href=\"https:\/\/vitafox-bodycoaching.de\/?page_id=45\" data-type=\"page\" data-id=\"45\">Kurs<\/a> suchen und <a href=\"https:\/\/calendly.com\/vitafox_bodycoaching\" data-type=\"link\" data-id=\"https:\/\/calendly.com\/vitafox_bodycoaching\">buchen<\/a><\/strong>!<\/h2>\n<\/div><\/div>\n\n\n\n<p><\/p>\n","protected":false},"excerpt":{"rendered":"<p>&#8222;Wer keine Zeit f\u00fcr seine Gesundheit hat, wird sp\u00e4ter viel Zeit f\u00fcr seine Krankheiten brauchen.&#8220; Sebastian Kneipp Jetzt Termin vereinbaren oder einen Kurs suchen und buchen!<\/p>\n","protected":false},"author":1,"featured_media":235,"parent":0,"menu_order":0,"comment_status":"closed","ping_status":"closed","template":"","meta":{"footnotes":""},"class_list":["post-28","page","type-page","status-publish","has-post-thumbnail","hentry"],"_links":{"self":[{"href":"https:\/\/vitafox-bodycoaching.de\/index.php?rest_route=\/wp\/v2\/pages\/28","targetHints":{"allow":["GET"]}}],"collection":[{"href":"https:\/\/vitafox-bodycoaching.de\/index.php?rest_route=\/wp\/v2\/pages"}],"about":[{"href":"https:\/\/vitafox-bodycoaching.de\/index.php?rest_route=\/wp\/v2\/types\/page"}],"author":[{"embeddable":true,"href":"https:\/\/vitafox-bodycoaching.de\/index.php?rest_route=\/wp\/v2\/users\/1"}],"replies":[{"embeddable":true,"href":"https:\/\/vitafox-bodycoaching.de\/index.php?rest_route=%2Fwp%2Fv2%2Fcomments&post=28"}],"version-history":[{"count":13,"href":"https:\/\/vitafox-bodycoaching.de\/index.php?rest_route=\/wp\/v2\/pages\/28\/revisions"}],"predecessor-version":[{"id":221,"href":"https:\/\/vitafox-bodycoaching.de\/index.php?rest_route=\/wp\/v2\/pages\/28\/revisions\/221"}],"wp:featuredmedia":[{"embeddable":true,"href":"https:\/\/vitafox-bodycoaching.de\/index.php?rest_route=\/wp\/v2\/media\/235"}],"wp:attachment":[{"href":"https:\/\/vitafox-bodycoaching.de\/index.php?rest_route=%2Fwp%2Fv2%2Fmedia&parent=28"}],"curies":[{"name":"wp","href":"https:\/\/api.w.org\/{rel}","templated":true}]}}